{"id":971,"date":"2024-05-28T03:40:11","date_gmt":"2024-05-28T03:40:11","guid":{"rendered":"https:\/\/promisedlandtayrona.com\/contacto\/"},"modified":"2025-11-29T00:37:01","modified_gmt":"2025-11-29T00:37:01","slug":"contacto","status":"publish","type":"page","link":"https:\/\/promisedlandtayrona.com\/es\/contacto\/","title":{"rendered":"Contacto"},"content":{"rendered":"<p>[et_pb_section fb_built=\u00bb1&#8243; _builder_version=\u00bb4.25.1&#8243; _module_preset=\u00bbdefault\u00bb background_color=\u00bbrgba(160,160,160,0.72)\u00bb background_enable_image=\u00bboff\u00bb background_blend=\u00bbmultiply\u00bb background_video_mp4=\u00bbhttps:\/\/promisedlandtayrona.com\/wp-content\/uploads\/2024\/07\/where-love-finds-its-home.mp4&#8243; background_video_webm=\u00bbhttps:\/\/promisedlandtayrona.com\/wp-content\/uploads\/2024\/07\/where-love-finds-its-home.webm\u00bb custom_padding=\u00bb20px||0px||false|false\u00bb locked=\u00bboff\u00bb global_colors_info=\u00bb{}\u00bb][et_pb_row _builder_version=\u00bb4.27.0&#8243; _module_preset=\u00bbdefault\u00bb background_enable_color=\u00bboff\u00bb width=\u00bb90%\u00bb max_width=\u00bb1200px\u00bb custom_padding=\u00bb9em|2em|9em|2em|true|false\u00bb global_colors_info=\u00bb{}\u00bb][et_pb_column type=\u00bb4_4&#8243; _builder_version=\u00bb4.25.1&#8243; _module_preset=\u00bbdefault\u00bb global_colors_info=\u00bb{}\u00bb][et_pb_text _builder_version=\u00bb4.27.0&#8243; _dynamic_attributes=\u00bbcontent\u00bb _module_preset=\u00bbdefault\u00bb text_font=\u00bbPoppins||||||||\u00bb text_text_color=\u00bb#FFFFFF\u00bb text_font_size=\u00bb30px\u00bb text_line_height=\u00bb1.1em\u00bb header_font=\u00bbPoppins||||||||\u00bb text_orientation=\u00bbcenter\u00bb custom_margin=\u00bb0px||0px||false|false\u00bb custom_padding=\u00bb||||false|false\u00bb text_font_size_tablet=\u00bb30px\u00bb text_font_size_phone=\u00bb18px\u00bb text_font_size_last_edited=\u00bbon|phone\u00bb global_colors_info=\u00bb{}\u00bb]@ET-DC@eyJkeW5hbWljIjp0cnVlLCJjb250ZW50IjoicG9zdF90aXRsZSIsInNldHRpbmdzIjp7ImJlZm9yZSI6IiIsImFmdGVyIjoiIiwiZW5hYmxlX2h0bWwiOiJvZmYifX0=@[\/et_pb_text][\/et_pb_column][\/et_pb_row][\/et_pb_section][et_pb_section fb_built=\u00bb1&#8243; _builder_version=\u00bb4.25.1&#8243; _module_preset=\u00bbdefault\u00bb global_colors_info=\u00bb{}\u00bb][et_pb_row column_structure=\u00bb3_5,2_5&#8243; _builder_version=\u00bb4.25.1&#8243; _module_preset=\u00bbdefault\u00bb global_colors_info=\u00bb{}\u00bb][et_pb_column type=\u00bb3_5&#8243; _builder_version=\u00bb4.25.1&#8243; _module_preset=\u00bbdefault\u00bb global_colors_info=\u00bb{}\u00bb][et_pb_contact_form use_spam_service=\u00bbon\u00bb recaptcha_list=\u00bbpromise|promise-0&#8243; email=\u00bbontheway@promisedlandtayrona.com\u00bb submit_button_text=\u00bbENVIAR\u00bb _builder_version=\u00bb4.27.0&#8243; _module_preset=\u00bbdefault\u00bb _unique_id=\u00bb36289059-a0dc-4edf-9578-9900bf15e6bd\u00bb form_field_background_color=\u00bb#FFFFFF\u00bb form_field_font=\u00bbPoppins||||||||\u00bb form_field_font_size=\u00bb19px\u00bb custom_button=\u00bbon\u00bb button_text_color=\u00bb#FFFFFF\u00bb button_bg_color=\u00bb#164462&#8243; button_border_width=\u00bb0px\u00bb border_width_bottom=\u00bb1px\u00bb global_colors_info=\u00bb{}\u00bb][et_pb_contact_field field_id=\u00bbName\u00bb field_title=\u00bbNombre\u00bb _builder_version=\u00bb4.16&#8243; global_colors_info=\u00bb{}\u00bb button_text_size__hover_enabled=\u00bboff\u00bb button_one_text_size__hover_enabled=\u00bboff\u00bb button_two_text_size__hover_enabled=\u00bboff\u00bb button_text_color__hover_enabled=\u00bboff\u00bb button_one_text_color__hover_enabled=\u00bboff\u00bb button_two_text_color__hover_enabled=\u00bboff\u00bb button_border_width__hover_enabled=\u00bboff\u00bb button_one_border_width__hover_enabled=\u00bboff\u00bb button_two_border_width__hover_enabled=\u00bboff\u00bb button_border_color__hover_enabled=\u00bboff\u00bb button_one_border_color__hover_enabled=\u00bboff\u00bb button_two_border_color__hover_enabled=\u00bboff\u00bb button_border_radius__hover_enabled=\u00bboff\u00bb button_one_border_radius__hover_enabled=\u00bboff\u00bb button_two_border_radius__hover_enabled=\u00bboff\u00bb button_letter_spacing__hover_enabled=\u00bboff\u00bb button_one_letter_spacing__hover_enabled=\u00bboff\u00bb button_two_letter_spacing__hover_enabled=\u00bboff\u00bb button_bg_color__hover_enabled=\u00bboff\u00bb button_one_bg_color__hover_enabled=\u00bboff\u00bb button_two_bg_color__hover_enabled=\u00bboff\u00bb][\/et_pb_contact_field][et_pb_contact_field field_id=\u00bbLastname\u00bb field_title=\u00bbApellidos\u00bb _builder_version=\u00bb4.25.1&#8243; global_colors_info=\u00bb{}\u00bb button_text_size__hover_enabled=\u00bboff\u00bb button_one_text_size__hover_enabled=\u00bboff\u00bb button_two_text_size__hover_enabled=\u00bboff\u00bb button_text_color__hover_enabled=\u00bboff\u00bb button_one_text_color__hover_enabled=\u00bboff\u00bb button_two_text_color__hover_enabled=\u00bboff\u00bb button_border_width__hover_enabled=\u00bboff\u00bb button_one_border_width__hover_enabled=\u00bboff\u00bb button_two_border_width__hover_enabled=\u00bboff\u00bb button_border_color__hover_enabled=\u00bboff\u00bb button_one_border_color__hover_enabled=\u00bboff\u00bb button_two_border_color__hover_enabled=\u00bboff\u00bb button_border_radius__hover_enabled=\u00bboff\u00bb button_one_border_radius__hover_enabled=\u00bboff\u00bb button_two_border_radius__hover_enabled=\u00bboff\u00bb button_letter_spacing__hover_enabled=\u00bboff\u00bb button_one_letter_spacing__hover_enabled=\u00bboff\u00bb button_two_letter_spacing__hover_enabled=\u00bboff\u00bb button_bg_color__hover_enabled=\u00bboff\u00bb button_one_bg_color__hover_enabled=\u00bboff\u00bb button_two_bg_color__hover_enabled=\u00bboff\u00bb][\/et_pb_contact_field][et_pb_contact_field field_id=\u00bbphone\u00bb field_title=\u00bbTel\u00e9fono\u00bb allowed_symbols=\u00bbnumbers\u00bb _builder_version=\u00bb4.25.1&#8243; global_colors_info=\u00bb{}\u00bb button_text_size__hover_enabled=\u00bboff\u00bb button_one_text_size__hover_enabled=\u00bboff\u00bb button_two_text_size__hover_enabled=\u00bboff\u00bb button_text_color__hover_enabled=\u00bboff\u00bb button_one_text_color__hover_enabled=\u00bboff\u00bb button_two_text_color__hover_enabled=\u00bboff\u00bb button_border_width__hover_enabled=\u00bboff\u00bb button_one_border_width__hover_enabled=\u00bboff\u00bb button_two_border_width__hover_enabled=\u00bboff\u00bb button_border_color__hover_enabled=\u00bboff\u00bb button_one_border_color__hover_enabled=\u00bboff\u00bb button_two_border_color__hover_enabled=\u00bboff\u00bb button_border_radius__hover_enabled=\u00bboff\u00bb button_one_border_radius__hover_enabled=\u00bboff\u00bb button_two_border_radius__hover_enabled=\u00bboff\u00bb button_letter_spacing__hover_enabled=\u00bboff\u00bb button_one_letter_spacing__hover_enabled=\u00bboff\u00bb button_two_letter_spacing__hover_enabled=\u00bboff\u00bb button_bg_color__hover_enabled=\u00bboff\u00bb button_one_bg_color__hover_enabled=\u00bboff\u00bb button_two_bg_color__hover_enabled=\u00bboff\u00bb][\/et_pb_contact_field][et_pb_contact_field field_id=\u00bbEmail\u00bb field_title=\u00bbDirecci\u00f3n de correo electr\u00f3nico\u00bb field_type=\u00bbemail\u00bb _builder_version=\u00bb4.16&#8243; global_colors_info=\u00bb{}\u00bb button_text_size__hover_enabled=\u00bboff\u00bb button_one_text_size__hover_enabled=\u00bboff\u00bb button_two_text_size__hover_enabled=\u00bboff\u00bb button_text_color__hover_enabled=\u00bboff\u00bb button_one_text_color__hover_enabled=\u00bboff\u00bb button_two_text_color__hover_enabled=\u00bboff\u00bb button_border_width__hover_enabled=\u00bboff\u00bb button_one_border_width__hover_enabled=\u00bboff\u00bb button_two_border_width__hover_enabled=\u00bboff\u00bb button_border_color__hover_enabled=\u00bboff\u00bb button_one_border_color__hover_enabled=\u00bboff\u00bb button_two_border_color__hover_enabled=\u00bboff\u00bb button_border_radius__hover_enabled=\u00bboff\u00bb button_one_border_radius__hover_enabled=\u00bboff\u00bb button_two_border_radius__hover_enabled=\u00bboff\u00bb button_letter_spacing__hover_enabled=\u00bboff\u00bb button_one_letter_spacing__hover_enabled=\u00bboff\u00bb button_two_letter_spacing__hover_enabled=\u00bboff\u00bb button_bg_color__hover_enabled=\u00bboff\u00bb button_one_bg_color__hover_enabled=\u00bboff\u00bb button_two_bg_color__hover_enabled=\u00bboff\u00bb][\/et_pb_contact_field][et_pb_contact_field field_id=\u00bbMessage\u00bb field_title=\u00bbMensaje\u00bb field_type=\u00bbtext\u00bb fullwidth_field=\u00bbon\u00bb _builder_version=\u00bb4.16&#8243; global_colors_info=\u00bb{}\u00bb button_text_size__hover_enabled=\u00bboff\u00bb button_one_text_size__hover_enabled=\u00bboff\u00bb button_two_text_size__hover_enabled=\u00bboff\u00bb button_text_color__hover_enabled=\u00bboff\u00bb button_one_text_color__hover_enabled=\u00bboff\u00bb button_two_text_color__hover_enabled=\u00bboff\u00bb button_border_width__hover_enabled=\u00bboff\u00bb button_one_border_width__hover_enabled=\u00bboff\u00bb button_two_border_width__hover_enabled=\u00bboff\u00bb button_border_color__hover_enabled=\u00bboff\u00bb button_one_border_color__hover_enabled=\u00bboff\u00bb button_two_border_color__hover_enabled=\u00bboff\u00bb button_border_radius__hover_enabled=\u00bboff\u00bb button_one_border_radius__hover_enabled=\u00bboff\u00bb button_two_border_radius__hover_enabled=\u00bboff\u00bb button_letter_spacing__hover_enabled=\u00bboff\u00bb button_one_letter_spacing__hover_enabled=\u00bboff\u00bb button_two_letter_spacing__hover_enabled=\u00bboff\u00bb button_bg_color__hover_enabled=\u00bboff\u00bb button_one_bg_color__hover_enabled=\u00bboff\u00bb button_two_bg_color__hover_enabled=\u00bboff\u00bb][\/et_pb_contact_field][\/et_pb_contact_form][\/et_pb_column][et_pb_column type=\u00bb2_5&#8243; _builder_version=\u00bb4.25.1&#8243; _module_preset=\u00bbdefault\u00bb global_colors_info=\u00bb{}\u00bb][et_pb_text _builder_version=\u00bb4.27.0&#8243; _module_preset=\u00bbdefault\u00bb text_font=\u00bbPoppins||||||||\u00bb text_text_color=\u00bb#164462&#8243; text_font_size=\u00bb44px\u00bb locked=\u00bboff\u00bb global_colors_info=\u00bb{}\u00bb]S\u00edguenos[\/et_pb_text][et_pb_social_media_follow icon_color=\u00bb#164462&#8243; use_icon_font_size=\u00bbon\u00bb icon_font_size=\u00bb27px\u00bb _builder_version=\u00bb4.27.0&#8243; _module_preset=\u00bbdefault\u00bb text_orientation=\u00bbleft\u00bb locked=\u00bboff\u00bb global_colors_info=\u00bb{}\u00bb][et_pb_social_media_follow_network social_network=\u00bbfacebook\u00bb url=\u00bbhttps:\/\/www.facebook.com\/PromisedLandTayronaCabins\u00bb icon_color=\u00bb#164462&#8243; _builder_version=\u00bb4.27.0&#8243; _module_preset=\u00bbdefault\u00bb background_color=\u00bbRGBA(255,255,255,0)\u00bb background_enable_color=\u00bbon\u00bb global_colors_info=\u00bb{}\u00bb follow_button=\u00bboff\u00bb url_new_window=\u00bbon\u00bb]facebook[\/et_pb_social_media_follow_network][et_pb_social_media_follow_network social_network=\u00bbtiktok\u00bb url=\u00bbhttps:\/\/www.tiktok.com\/@promisedlandtayronacabin\u00bb icon_color=\u00bb#164462&#8243; _builder_version=\u00bb4.27.0&#8243; _module_preset=\u00bbdefault\u00bb background_color=\u00bbRGBA(255,255,255,0)\u00bb background_enable_color=\u00bbon\u00bb global_colors_info=\u00bb{}\u00bb follow_button=\u00bboff\u00bb url_new_window=\u00bbon\u00bb]tiktok[\/et_pb_social_media_follow_network][et_pb_social_media_follow_network social_network=\u00bbinstagram\u00bb url=\u00bbhttps:\/\/www.instagram.com\/promisedlandtayronacabins\u00bb icon_color=\u00bb#164462&#8243; _builder_version=\u00bb4.27.0&#8243; _module_preset=\u00bbdefault\u00bb background_color=\u00bbRGBA(255,255,255,0)\u00bb background_enable_color=\u00bbon\u00bb global_colors_info=\u00bb{}\u00bb follow_button=\u00bboff\u00bb url_new_window=\u00bbon\u00bb]instagram[\/et_pb_social_media_follow_network][\/et_pb_social_media_follow][et_pb_text _builder_version=\u00bb4.27.0&#8243; _module_preset=\u00bbdefault\u00bb text_font=\u00bbPoppins||||||||\u00bb text_text_color=\u00bb#164462&#8243; text_font_size=\u00bb44px\u00bb locked=\u00bboff\u00bb global_colors_info=\u00bb{}\u00bb]<\/p>\n<p>Ubicaci\u00f3n<\/p>\n<p>[\/et_pb_text][et_pb_text _builder_version=\u00bb4.27.0&#8243; _module_preset=\u00bbdefault\u00bb text_font=\u00bbPoppins||||||||\u00bb text_font_size=\u00bb15px\u00bb width=\u00bb76%\u00bb width_tablet=\u00bb76%\u00bb width_phone=\u00bb76%\u00bb width_last_edited=\u00bbon|phone\u00bb locked=\u00bboff\u00bb global_colors_info=\u00bb{}\u00bb]<\/p>\n<p>Sierra Nevada Santa Marta Colombia<\/p>\n<p>[\/et_pb_text][et_pb_text _builder_version=\u00bb4.27.0&#8243; _module_preset=\u00bbdefault\u00bb link_font=\u00bb|700|||on|||#164462|\u00bb link_text_color=\u00bb#164462&#8243; link_font_size=\u00bb17px\u00bb hover_enabled=\u00bb0&#8243; locked=\u00bboff\u00bb global_colors_info=\u00bb{}\u00bb sticky_enabled=\u00bb0&#8243;]<\/p>\n<p><a href=\"https:\/\/promisedlandtayrona.com\/wp-content\/uploads\/2024\/08\/How-to-get-to-Tierra-Prometida-Mobile-App_compressed.pdf\" target=\"_blank\" rel=\"noopener\"><strong>Gu\u00eda de c\u00f3mo llegar (haz clic para descargarla en PDF)<\/strong><\/a><\/p>\n<p>[\/et_pb_text][\/et_pb_column][\/et_pb_row][\/et_pb_section]<\/p>\n","protected":false},"excerpt":{"rendered":"<p>S\u00edguenosUbicaci\u00f3nSierra Nevada Santa Marta ColombiaGu\u00eda de c\u00f3mo llegar (haz clic para descargarla en PDF)<\/p>\n","protected":false},"author":1,"featured_media":620,"parent":0,"menu_order":0,"comment_status":"closed","ping_status":"closed","template":"","meta":{"_et_pb_use_builder":"on","_et_pb_old_content":"","_et_gb_content_width":"","footnotes":""},"class_list":["post-971","page","type-page","status-publish","has-post-thumbnail","hentry"],"yoast_head":"<!-- This site is optimized with the Yoast SEO plugin v27.3 - https:\/\/yoast.com\/product\/yoast-seo-wordpress\/ -->\n<title>Contacto - Promised Land Tayrona<\/title>\n<meta name=\"robots\" content=\"index, follow, max-snippet:-1, max-image-preview:large, max-video-preview:-1\" \/>\n<link rel=\"canonical\" href=\"https:\/\/promisedlandtayrona.com\/es\/contacto\/\" \/>\n<meta property=\"og:locale\" content=\"es_ES\" \/>\n<meta property=\"og:type\" content=\"article\" \/>\n<meta property=\"og:title\" content=\"Contacto - Promised Land Tayrona\" \/>\n<meta property=\"og:description\" content=\"S\u00edguenosUbicaci\u00f3nSierra Nevada Santa Marta ColombiaGu\u00eda de c\u00f3mo llegar (haz clic para descargarla en PDF)\" \/>\n<meta property=\"og:url\" content=\"https:\/\/promisedlandtayrona.com\/es\/contacto\/\" \/>\n<meta property=\"og:site_name\" content=\"Promised Land Tayrona\" \/>\n<meta property=\"article:publisher\" content=\"https:\/\/www.facebook.com\/profile.php?id=61570495974208\" \/>\n<meta property=\"article:modified_time\" content=\"2025-11-29T00:37:01+00:00\" \/>\n<meta property=\"og:image\" content=\"https:\/\/promisedlandtayrona.com\/wp-content\/uploads\/2024\/05\/header.png\" \/>\n\t<meta property=\"og:image:width\" content=\"1920\" \/>\n\t<meta property=\"og:image:height\" content=\"292\" \/>\n\t<meta property=\"og:image:type\" content=\"image\/png\" \/>\n<meta name=\"twitter:card\" content=\"summary_large_image\" \/>\n<meta name=\"twitter:label1\" content=\"Tiempo de lectura\" \/>\n\t<meta name=\"twitter:data1\" content=\"7 minutos\" \/>\n<script type=\"application\/ld+json\" class=\"yoast-schema-graph\">{\"@context\":\"https:\\\/\\\/schema.org\",\"@graph\":[{\"@type\":\"WebPage\",\"@id\":\"https:\\\/\\\/promisedlandtayrona.com\\\/es\\\/contacto\\\/\",\"url\":\"https:\\\/\\\/promisedlandtayrona.com\\\/es\\\/contacto\\\/\",\"name\":\"Contacto - Promised Land Tayrona\",\"isPartOf\":{\"@id\":\"https:\\\/\\\/promisedlandtayrona.com\\\/es\\\/#website\"},\"primaryImageOfPage\":{\"@id\":\"https:\\\/\\\/promisedlandtayrona.com\\\/es\\\/contacto\\\/#primaryimage\"},\"image\":{\"@id\":\"https:\\\/\\\/promisedlandtayrona.com\\\/es\\\/contacto\\\/#primaryimage\"},\"thumbnailUrl\":\"https:\\\/\\\/promisedlandtayrona.com\\\/wp-content\\\/uploads\\\/2024\\\/05\\\/header.png\",\"datePublished\":\"2024-05-28T03:40:11+00:00\",\"dateModified\":\"2025-11-29T00:37:01+00:00\",\"breadcrumb\":{\"@id\":\"https:\\\/\\\/promisedlandtayrona.com\\\/es\\\/contacto\\\/#breadcrumb\"},\"inLanguage\":\"es\",\"potentialAction\":[{\"@type\":\"ReadAction\",\"target\":[\"https:\\\/\\\/promisedlandtayrona.com\\\/es\\\/contacto\\\/\"]}]},{\"@type\":\"ImageObject\",\"inLanguage\":\"es\",\"@id\":\"https:\\\/\\\/promisedlandtayrona.com\\\/es\\\/contacto\\\/#primaryimage\",\"url\":\"https:\\\/\\\/promisedlandtayrona.com\\\/wp-content\\\/uploads\\\/2024\\\/05\\\/header.png\",\"contentUrl\":\"https:\\\/\\\/promisedlandtayrona.com\\\/wp-content\\\/uploads\\\/2024\\\/05\\\/header.png\",\"width\":1920,\"height\":292,\"caption\":\"Promise Land Hotel Tayrona\"},{\"@type\":\"BreadcrumbList\",\"@id\":\"https:\\\/\\\/promisedlandtayrona.com\\\/es\\\/contacto\\\/#breadcrumb\",\"itemListElement\":[{\"@type\":\"ListItem\",\"position\":1,\"name\":\"Home\",\"item\":\"https:\\\/\\\/promisedlandtayrona.com\\\/es\\\/\"},{\"@type\":\"ListItem\",\"position\":2,\"name\":\"Contacto\"}]},{\"@type\":\"WebSite\",\"@id\":\"https:\\\/\\\/promisedlandtayrona.com\\\/es\\\/#website\",\"url\":\"https:\\\/\\\/promisedlandtayrona.com\\\/es\\\/\",\"name\":\"Promised Land Tayrona\",\"description\":\"Where love finds its home\",\"publisher\":{\"@id\":\"https:\\\/\\\/promisedlandtayrona.com\\\/es\\\/#organization\"},\"potentialAction\":[{\"@type\":\"SearchAction\",\"target\":{\"@type\":\"EntryPoint\",\"urlTemplate\":\"https:\\\/\\\/promisedlandtayrona.com\\\/es\\\/?s={search_term_string}\"},\"query-input\":{\"@type\":\"PropertyValueSpecification\",\"valueRequired\":true,\"valueName\":\"search_term_string\"}}],\"inLanguage\":\"es\"},{\"@type\":\"Organization\",\"@id\":\"https:\\\/\\\/promisedlandtayrona.com\\\/es\\\/#organization\",\"name\":\"Promised Land Tayrona\",\"url\":\"https:\\\/\\\/promisedlandtayrona.com\\\/es\\\/\",\"logo\":{\"@type\":\"ImageObject\",\"inLanguage\":\"es\",\"@id\":\"https:\\\/\\\/promisedlandtayrona.com\\\/es\\\/#\\\/schema\\\/logo\\\/image\\\/\",\"url\":\"https:\\\/\\\/promisedlandtayrona.com\\\/wp-content\\\/uploads\\\/2024\\\/08\\\/Logo-promise-land.png\",\"contentUrl\":\"https:\\\/\\\/promisedlandtayrona.com\\\/wp-content\\\/uploads\\\/2024\\\/08\\\/Logo-promise-land.png\",\"width\":5424,\"height\":3371,\"caption\":\"Promised Land Tayrona\"},\"image\":{\"@id\":\"https:\\\/\\\/promisedlandtayrona.com\\\/es\\\/#\\\/schema\\\/logo\\\/image\\\/\"},\"sameAs\":[\"https:\\\/\\\/www.facebook.com\\\/profile.php?id=61570495974208\",\"https:\\\/\\\/www.tiktok.com\\\/@promisedlandtayronacabin\",\"https:\\\/\\\/www.instagram.com\\\/promisedlandtayrona\\\/\"]}]}<\/script>\n<!-- \/ Yoast SEO plugin. -->","yoast_head_json":{"title":"Contacto - Promised Land Tayrona","robots":{"index":"index","follow":"follow","max-snippet":"max-snippet:-1","max-image-preview":"max-image-preview:large","max-video-preview":"max-video-preview:-1"},"canonical":"https:\/\/promisedlandtayrona.com\/es\/contacto\/","og_locale":"es_ES","og_type":"article","og_title":"Contacto - Promised Land Tayrona","og_description":"S\u00edguenosUbicaci\u00f3nSierra Nevada Santa Marta ColombiaGu\u00eda de c\u00f3mo llegar (haz clic para descargarla en PDF)","og_url":"https:\/\/promisedlandtayrona.com\/es\/contacto\/","og_site_name":"Promised Land Tayrona","article_publisher":"https:\/\/www.facebook.com\/profile.php?id=61570495974208","article_modified_time":"2025-11-29T00:37:01+00:00","og_image":[{"width":1920,"height":292,"url":"https:\/\/promisedlandtayrona.com\/wp-content\/uploads\/2024\/05\/header.png","type":"image\/png"}],"twitter_card":"summary_large_image","twitter_misc":{"Tiempo de lectura":"7 minutos"},"schema":{"@context":"https:\/\/schema.org","@graph":[{"@type":"WebPage","@id":"https:\/\/promisedlandtayrona.com\/es\/contacto\/","url":"https:\/\/promisedlandtayrona.com\/es\/contacto\/","name":"Contacto - Promised Land Tayrona","isPartOf":{"@id":"https:\/\/promisedlandtayrona.com\/es\/#website"},"primaryImageOfPage":{"@id":"https:\/\/promisedlandtayrona.com\/es\/contacto\/#primaryimage"},"image":{"@id":"https:\/\/promisedlandtayrona.com\/es\/contacto\/#primaryimage"},"thumbnailUrl":"https:\/\/promisedlandtayrona.com\/wp-content\/uploads\/2024\/05\/header.png","datePublished":"2024-05-28T03:40:11+00:00","dateModified":"2025-11-29T00:37:01+00:00","breadcrumb":{"@id":"https:\/\/promisedlandtayrona.com\/es\/contacto\/#breadcrumb"},"inLanguage":"es","potentialAction":[{"@type":"ReadAction","target":["https:\/\/promisedlandtayrona.com\/es\/contacto\/"]}]},{"@type":"ImageObject","inLanguage":"es","@id":"https:\/\/promisedlandtayrona.com\/es\/contacto\/#primaryimage","url":"https:\/\/promisedlandtayrona.com\/wp-content\/uploads\/2024\/05\/header.png","contentUrl":"https:\/\/promisedlandtayrona.com\/wp-content\/uploads\/2024\/05\/header.png","width":1920,"height":292,"caption":"Promise Land Hotel Tayrona"},{"@type":"BreadcrumbList","@id":"https:\/\/promisedlandtayrona.com\/es\/contacto\/#breadcrumb","itemListElement":[{"@type":"ListItem","position":1,"name":"Home","item":"https:\/\/promisedlandtayrona.com\/es\/"},{"@type":"ListItem","position":2,"name":"Contacto"}]},{"@type":"WebSite","@id":"https:\/\/promisedlandtayrona.com\/es\/#website","url":"https:\/\/promisedlandtayrona.com\/es\/","name":"Promised Land Tayrona","description":"Where love finds its home","publisher":{"@id":"https:\/\/promisedlandtayrona.com\/es\/#organization"},"potentialAction":[{"@type":"SearchAction","target":{"@type":"EntryPoint","urlTemplate":"https:\/\/promisedlandtayrona.com\/es\/?s={search_term_string}"},"query-input":{"@type":"PropertyValueSpecification","valueRequired":true,"valueName":"search_term_string"}}],"inLanguage":"es"},{"@type":"Organization","@id":"https:\/\/promisedlandtayrona.com\/es\/#organization","name":"Promised Land Tayrona","url":"https:\/\/promisedlandtayrona.com\/es\/","logo":{"@type":"ImageObject","inLanguage":"es","@id":"https:\/\/promisedlandtayrona.com\/es\/#\/schema\/logo\/image\/","url":"https:\/\/promisedlandtayrona.com\/wp-content\/uploads\/2024\/08\/Logo-promise-land.png","contentUrl":"https:\/\/promisedlandtayrona.com\/wp-content\/uploads\/2024\/08\/Logo-promise-land.png","width":5424,"height":3371,"caption":"Promised Land Tayrona"},"image":{"@id":"https:\/\/promisedlandtayrona.com\/es\/#\/schema\/logo\/image\/"},"sameAs":["https:\/\/www.facebook.com\/profile.php?id=61570495974208","https:\/\/www.tiktok.com\/@promisedlandtayronacabin","https:\/\/www.instagram.com\/promisedlandtayrona\/"]}]}},"_links":{"self":[{"href":"https:\/\/promisedlandtayrona.com\/es\/wp-json\/wp\/v2\/pages\/971","targetHints":{"allow":["GET"]}}],"collection":[{"href":"https:\/\/promisedlandtayrona.com\/es\/wp-json\/wp\/v2\/pages"}],"about":[{"href":"https:\/\/promisedlandtayrona.com\/es\/wp-json\/wp\/v2\/types\/page"}],"author":[{"embeddable":true,"href":"https:\/\/promisedlandtayrona.com\/es\/wp-json\/wp\/v2\/users\/1"}],"replies":[{"embeddable":true,"href":"https:\/\/promisedlandtayrona.com\/es\/wp-json\/wp\/v2\/comments?post=971"}],"version-history":[{"count":4,"href":"https:\/\/promisedlandtayrona.com\/es\/wp-json\/wp\/v2\/pages\/971\/revisions"}],"predecessor-version":[{"id":2479,"href":"https:\/\/promisedlandtayrona.com\/es\/wp-json\/wp\/v2\/pages\/971\/revisions\/2479"}],"wp:featuredmedia":[{"embeddable":true,"href":"https:\/\/promisedlandtayrona.com\/es\/wp-json\/wp\/v2\/media\/620"}],"wp:attachment":[{"href":"https:\/\/promisedlandtayrona.com\/es\/wp-json\/wp\/v2\/media?parent=971"}],"curies":[{"name":"wp","href":"https:\/\/api.w.org\/{rel}","templated":true}]}}