{"id":1011,"date":"2024-05-27T04:04:29","date_gmt":"2024-05-27T04:04:29","guid":{"rendered":"https:\/\/promisedlandtayrona.com\/servicios\/"},"modified":"2026-02-25T22:33:28","modified_gmt":"2026-02-25T22:33:28","slug":"servicios","status":"publish","type":"page","link":"https:\/\/promisedlandtayrona.com\/es\/servicios\/","title":{"rendered":"Servicios"},"content":{"rendered":"<p>[et_pb_section fb_built=\u00bb1&#8243; _builder_version=\u00bb4.25.1&#8243; _module_preset=\u00bbdefault\u00bb background_color=\u00bbrgba(160,160,160,0.72)\u00bb background_image=\u00bbhttps:\/\/promisedlandtayrona.com\/wp-content\/uploads\/2024\/05\/header.png\u00bb background_position=\u00bbbottom_center\u00bb background_blend=\u00bbmultiply\u00bb min_height=\u00bb334px\u00bb min_height_tablet=\u00bb500px\u00bb min_height_phone=\u00bb200px\u00bb min_height_last_edited=\u00bbon|phone\u00bb custom_padding=\u00bb20px||0px||false|false\u00bb locked=\u00bboff\u00bb global_colors_info=\u00bb{}\u00bb][et_pb_row _builder_version=\u00bb4.25.1&#8243; _module_preset=\u00bbdefault\u00bb background_enable_color=\u00bboff\u00bb width=\u00bb90%\u00bb max_width=\u00bb1200px\u00bb custom_padding=\u00bb5em|2em|5em|2em|true|false\u00bb global_colors_info=\u00bb{}\u00bb][et_pb_column type=\u00bb4_4&#8243; _builder_version=\u00bb4.25.1&#8243; _module_preset=\u00bbdefault\u00bb global_colors_info=\u00bb{}\u00bb][et_pb_text _builder_version=\u00bb4.25.1&#8243; _dynamic_attributes=\u00bbcontent\u00bb _module_preset=\u00bbdefault\u00bb text_font=\u00bbPoppins||||||||\u00bb text_text_color=\u00bb#FFFFFF\u00bb text_font_size=\u00bb30px\u00bb text_line_height=\u00bb1.1em\u00bb text_orientation=\u00bbcenter\u00bb custom_margin=\u00bb0px||0px||false|false\u00bb custom_padding=\u00bb2em||||false|false\u00bb custom_padding_tablet=\u00bb5em||||false|false\u00bb custom_padding_phone=\u00bb1em||||false|false\u00bb custom_padding_last_edited=\u00bbon|phone\u00bb text_font_size_tablet=\u00bb30px\u00bb text_font_size_phone=\u00bb18px\u00bb text_font_size_last_edited=\u00bbon|phone\u00bb global_colors_info=\u00bb{}\u00bb]@ET-DC@eyJkeW5hbWljIjp0cnVlLCJjb250ZW50IjoicG9zdF90aXRsZSIsInNldHRpbmdzIjp7ImJlZm9yZSI6IiIsImFmdGVyIjoiIn19@[\/et_pb_text][\/et_pb_column][\/et_pb_row][\/et_pb_section][et_pb_section fb_built=\u00bb1&#8243; module_id=\u00bbcaf\u00e9\u00bb _builder_version=\u00bb4.25.1&#8243; _module_preset=\u00bbdefault\u00bb background_color=\u00bb#777777&#8243; background_image=\u00bbhttps:\/\/promisedlandtayrona.com\/wp-content\/uploads\/2024\/07\/Las-arepas-cafe-1-min.jpg\u00bb background_blend=\u00bbmultiply\u00bb custom_margin=\u00bb0px||0px||false|false\u00bb custom_padding=\u00bb20px||20px||false|false\u00bb locked=\u00bboff\u00bb global_colors_info=\u00bb{}\u00bb][et_pb_row _builder_version=\u00bb4.25.1&#8243; _module_preset=\u00bbdefault\u00bb background_enable_color=\u00bboff\u00bb width=\u00bb90%\u00bb max_width=\u00bb1200px\u00bb custom_padding=\u00bb|2em||2em|false|false\u00bb global_colors_info=\u00bb{}\u00bb][et_pb_column type=\u00bb4_4&#8243; _builder_version=\u00bb4.25.1&#8243; _module_preset=\u00bbdefault\u00bb global_colors_info=\u00bb{}\u00bb][et_pb_text _builder_version=\u00bb4.27.0&#8243; _module_preset=\u00bbdefault\u00bb text_font=\u00bbFasthand||||||||\u00bb text_text_color=\u00bb#FFFFFF\u00bb text_font_size=\u00bb50px\u00bb text_line_height=\u00bb1.3em\u00bb text_orientation=\u00bbcenter\u00bb custom_margin=\u00bb||10px||false|false\u00bb custom_padding=\u00bb||||false|false\u00bb animation_style=\u00bbslide\u00bb animation_direction=\u00bbbottom\u00bb text_line_height_tablet=\u00bb1.3em\u00bb text_line_height_phone=\u00bb1.3em\u00bb text_line_height_last_edited=\u00bbon|phone\u00bb global_colors_info=\u00bb{}\u00bb]<\/p>\n<p>Caf\u00e9 Las Arepas<\/p>\n<p>[\/et_pb_text][\/et_pb_column][\/et_pb_row][et_pb_row column_structure=\u00bb3_5,2_5&#8243; use_custom_gutter=\u00bbon\u00bb gutter_width=\u00bb2&#8243; _builder_version=\u00bb4.25.1&#8243; _module_preset=\u00bbdefault\u00bb background_enable_color=\u00bboff\u00bb width=\u00bb90%\u00bb max_width=\u00bb1200px\u00bb custom_padding=\u00bb|2em||2em|false|false\u00bb global_colors_info=\u00bb{}\u00bb][et_pb_column type=\u00bb3_5&#8243; _builder_version=\u00bb4.25.1&#8243; _module_preset=\u00bbdefault\u00bb global_colors_info=\u00bb{}\u00bb][et_pb_gallery gallery_ids=\u00bb2054,2060,2057,1659,221,1629,1632,1635,1638,1641,1644,1647,1650,1653,1662,1665,1656,1668,1671,1674,1677,1720,1723,1686,1704,1726,1729,1710,1692,1695,1698,220,2063,2066&#8243; fullwidth=\u00bbon\u00bb _builder_version=\u00bb4.27.0&#8243; _module_preset=\u00bbdefault\u00bb width=\u00bb64%\u00bb module_alignment=\u00bbcenter\u00bb custom_margin=\u00bb-18px|||||\u00bb animation_style=\u00bbslide\u00bb animation_direction=\u00bbleft\u00bb auto=\u00bbon\u00bb auto_speed=\u00bb5000&#8243; locked=\u00bboff\u00bb global_colors_info=\u00bb{}\u00bb][\/et_pb_gallery][\/et_pb_column][et_pb_column type=\u00bb2_5&#8243; _builder_version=\u00bb4.25.1&#8243; _module_preset=\u00bbdefault\u00bb animation_style=\u00bbslide\u00bb animation_direction=\u00bbright\u00bb global_colors_info=\u00bb{}\u00bb][et_pb_text _builder_version=\u00bb4.27.0&#8243; _module_preset=\u00bbdefault\u00bb text_font=\u00bbEdu VIC WA NT Beginner|300|||||||\u00bb text_text_color=\u00bb#FFFFFF\u00bb text_font_size=\u00bb18px\u00bb global_colors_info=\u00bb{}\u00bb]<\/p>\n<p>\u00a1Disfruta de nuestro servicio de desayuno buffet en Las Arepas Caf\u00e9!<br \/>\nDel\u00e9itate con nuestra selecci\u00f3n de delicias locales frescas.<br \/>\nAdem\u00e1s, disfruta de nuestro servicio de recogida de fruta de temporada en nuestros terrenos, s\u00f3lo tienes que seguir el camino y recoger tantas frutas como quieras.<br \/>\n\u00a1Todo incluido!   <\/p>\n<p>[\/et_pb_text][\/et_pb_column][\/et_pb_row][\/et_pb_section][et_pb_section fb_built=\u00bb1&#8243; module_id=\u00bbcaf\u00e9\u00bb _builder_version=\u00bb4.25.1&#8243; _module_preset=\u00bbdefault\u00bb background_color=\u00bb#777777&#8243; background_image=\u00bbhttps:\/\/promisedlandtayrona.com\/wp-content\/uploads\/2024\/07\/Open-Kitchen-5.jpg\u00bb background_blend=\u00bbmultiply\u00bb custom_margin=\u00bb0px||0px||false|false\u00bb custom_padding=\u00bb20px||20px||false|false\u00bb locked=\u00bboff\u00bb global_colors_info=\u00bb{}\u00bb][et_pb_row _builder_version=\u00bb4.25.1&#8243; _module_preset=\u00bbdefault\u00bb background_enable_color=\u00bboff\u00bb width=\u00bb90%\u00bb max_width=\u00bb1200px\u00bb custom_padding=\u00bb|2em||2em|false|false\u00bb global_colors_info=\u00bb{}\u00bb][et_pb_column type=\u00bb4_4&#8243; _builder_version=\u00bb4.25.1&#8243; _module_preset=\u00bbdefault\u00bb global_colors_info=\u00bb{}\u00bb][et_pb_text _builder_version=\u00bb4.25.1&#8243; _module_preset=\u00bbdefault\u00bb text_font=\u00bbFasthand||||||||\u00bb text_text_color=\u00bb#FFFFFF\u00bb text_font_size=\u00bb50px\u00bb text_orientation=\u00bbcenter\u00bb custom_margin=\u00bb||10px||false|false\u00bb custom_padding=\u00bb||||false|false\u00bb animation_style=\u00bbslide\u00bb animation_direction=\u00bbbottom\u00bb global_colors_info=\u00bb{}\u00bb]<\/p>\n<p>Cocina abierta<\/p>\n<p>[\/et_pb_text][\/et_pb_column][\/et_pb_row][et_pb_row column_structure=\u00bb3_5,2_5&#8243; use_custom_gutter=\u00bbon\u00bb gutter_width=\u00bb2&#8243; _builder_version=\u00bb4.25.1&#8243; _module_preset=\u00bbdefault\u00bb background_enable_color=\u00bboff\u00bb width=\u00bb90%\u00bb max_width=\u00bb1200px\u00bb custom_padding=\u00bb|2em||2em|false|false\u00bb global_colors_info=\u00bb{}\u00bb][et_pb_column type=\u00bb3_5&#8243; _builder_version=\u00bb4.25.1&#8243; _module_preset=\u00bbdefault\u00bb global_colors_info=\u00bb{}\u00bb][et_pb_gallery gallery_ids=\u00bb229,228,227,230,231&#8243; fullwidth=\u00bbon\u00bb _builder_version=\u00bb4.25.1&#8243; _module_preset=\u00bbdefault\u00bb width=\u00bb64%\u00bb module_alignment=\u00bbcenter\u00bb custom_margin=\u00bb-18px|||||\u00bb animation_style=\u00bbslide\u00bb animation_direction=\u00bbleft\u00bb auto=\u00bbon\u00bb auto_speed=\u00bb5000&#8243; global_colors_info=\u00bb{}\u00bb][\/et_pb_gallery][\/et_pb_column][et_pb_column type=\u00bb2_5&#8243; _builder_version=\u00bb4.25.1&#8243; _module_preset=\u00bbdefault\u00bb animation_style=\u00bbslide\u00bb animation_direction=\u00bbright\u00bb global_colors_info=\u00bb{}\u00bb][et_pb_text _builder_version=\u00bb4.27.0&#8243; _module_preset=\u00bbdefault\u00bb text_font=\u00bbEdu VIC WA NT Beginner|300|||||||\u00bb text_text_color=\u00bb#FFFFFF\u00bb text_font_size=\u00bb18px\u00bb global_colors_info=\u00bb{}\u00bb]\u00a1Experimenta la magia culinaria de primera mano en Tierra Prometida con nuestro Servicio de Cocina Abierta![\/et_pb_text][\/et_pb_column][\/et_pb_row][\/et_pb_section][et_pb_section fb_built=\u00bb1&#8243; module_id=\u00bbcaf\u00e9\u00bb _builder_version=\u00bb4.25.1&#8243; _module_preset=\u00bbdefault\u00bb background_color=\u00bb#777777&#8243; background_image=\u00bbhttps:\/\/promisedlandtayrona.com\/wp-content\/uploads\/2024\/07\/Our-Chapel-2.jpg\u00bb background_blend=\u00bbmultiply\u00bb custom_margin=\u00bb0px||0px||false|false\u00bb custom_padding=\u00bb20px||20px||false|false\u00bb locked=\u00bboff\u00bb global_colors_info=\u00bb{}\u00bb][et_pb_row _builder_version=\u00bb4.25.1&#8243; _module_preset=\u00bbdefault\u00bb background_enable_color=\u00bboff\u00bb width=\u00bb90%\u00bb max_width=\u00bb1200px\u00bb custom_padding=\u00bb|2em||2em|false|false\u00bb global_colors_info=\u00bb{}\u00bb][et_pb_column type=\u00bb4_4&#8243; _builder_version=\u00bb4.25.1&#8243; _module_preset=\u00bbdefault\u00bb global_colors_info=\u00bb{}\u00bb][et_pb_text _builder_version=\u00bb4.25.1&#8243; _module_preset=\u00bbdefault\u00bb text_font=\u00bbFasthand||||||||\u00bb text_text_color=\u00bb#FFFFFF\u00bb text_font_size=\u00bb50px\u00bb text_orientation=\u00bbcenter\u00bb custom_margin=\u00bb||10px||false|false\u00bb custom_padding=\u00bb||||false|false\u00bb animation_style=\u00bbslide\u00bb animation_direction=\u00bbbottom\u00bb global_colors_info=\u00bb{}\u00bb]Capilla[\/et_pb_text][\/et_pb_column][\/et_pb_row][et_pb_row column_structure=\u00bb3_5,2_5&#8243; use_custom_gutter=\u00bbon\u00bb gutter_width=\u00bb2&#8243; _builder_version=\u00bb4.25.1&#8243; _module_preset=\u00bbdefault\u00bb background_enable_color=\u00bboff\u00bb width=\u00bb90%\u00bb max_width=\u00bb1200px\u00bb custom_padding=\u00bb|2em||2em|false|false\u00bb global_colors_info=\u00bb{}\u00bb][et_pb_column type=\u00bb3_5&#8243; _builder_version=\u00bb4.25.1&#8243; _module_preset=\u00bbdefault\u00bb global_colors_info=\u00bb{}\u00bb][et_pb_gallery gallery_ids=\u00bb1175,235,232,233,236,1181,234,1178,2592,2580&#8243; fullwidth=\u00bbon\u00bb _builder_version=\u00bb4.27.0&#8243; _module_preset=\u00bbdefault\u00bb width=\u00bb64%\u00bb module_alignment=\u00bbcenter\u00bb custom_margin=\u00bb-18px|||||\u00bb animation_style=\u00bbslide\u00bb animation_direction=\u00bbleft\u00bb auto=\u00bbon\u00bb auto_speed=\u00bb5000&#8243; hover_enabled=\u00bb0&#8243; locked=\u00bboff\u00bb global_colors_info=\u00bb{}\u00bb sticky_enabled=\u00bb0&#8243;][\/et_pb_gallery][\/et_pb_column][et_pb_column type=\u00bb2_5&#8243; _builder_version=\u00bb4.25.1&#8243; _module_preset=\u00bbdefault\u00bb animation_style=\u00bbslide\u00bb animation_direction=\u00bbright\u00bb global_colors_info=\u00bb{}\u00bb][et_pb_text _builder_version=\u00bb4.27.0&#8243; _module_preset=\u00bbdefault\u00bb text_font=\u00bbEdu VIC WA NT Beginner|300|||||||\u00bb text_text_color=\u00bb#FFFFFF\u00bb text_font_size=\u00bb18px\u00bb global_colors_info=\u00bb{}\u00bb]<\/p>\n<p>  En Tierra Prometida, deja que la capilla sea el tel\u00f3n de fondo de tus momentos de paz, amor y conexi\u00f3n.<\/p>\n<p>[\/et_pb_text][\/et_pb_column][\/et_pb_row][\/et_pb_section][et_pb_section fb_built=\u00bb1&#8243; module_id=\u00bbcaf\u00e9\u00bb _builder_version=\u00bb4.25.1&#8243; _module_preset=\u00bbdefault\u00bb background_color=\u00bb#777777&#8243; background_image=\u00bbhttps:\/\/promisedlandtayrona.com\/wp-content\/uploads\/2024\/07\/Hiking-Trails-1.jpg\u00bb background_blend=\u00bbmultiply\u00bb custom_margin=\u00bb0px||0px||false|false\u00bb custom_padding=\u00bb20px||20px||false|false\u00bb locked=\u00bboff\u00bb global_colors_info=\u00bb{}\u00bb][et_pb_row _builder_version=\u00bb4.25.1&#8243; _module_preset=\u00bbdefault\u00bb background_enable_color=\u00bboff\u00bb width=\u00bb90%\u00bb max_width=\u00bb1200px\u00bb custom_padding=\u00bb|2em||2em|false|false\u00bb global_colors_info=\u00bb{}\u00bb][et_pb_column type=\u00bb4_4&#8243; _builder_version=\u00bb4.25.1&#8243; _module_preset=\u00bbdefault\u00bb global_colors_info=\u00bb{}\u00bb][et_pb_text _builder_version=\u00bb4.27.0&#8243; _module_preset=\u00bbdefault\u00bb text_font=\u00bbFasthand||||||||\u00bb text_text_color=\u00bb#FFFFFF\u00bb text_font_size=\u00bb50px\u00bb text_line_height=\u00bb1.2em\u00bb text_orientation=\u00bbcenter\u00bb custom_margin=\u00bb||10px||false|false\u00bb custom_padding=\u00bb||||false|false\u00bb animation_style=\u00bbslide\u00bb animation_direction=\u00bbbottom\u00bb global_colors_info=\u00bb{}\u00bb]<\/p>\n<p>Rutas de senderismo y miradores<\/p>\n<p>[\/et_pb_text][\/et_pb_column][\/et_pb_row][et_pb_row column_structure=\u00bb3_5,2_5&#8243; use_custom_gutter=\u00bbon\u00bb gutter_width=\u00bb2&#8243; _builder_version=\u00bb4.25.1&#8243; _module_preset=\u00bbdefault\u00bb background_enable_color=\u00bboff\u00bb width=\u00bb90%\u00bb max_width=\u00bb1200px\u00bb custom_padding=\u00bb|2em||2em|false|false\u00bb global_colors_info=\u00bb{}\u00bb][et_pb_column type=\u00bb3_5&#8243; _builder_version=\u00bb4.25.1&#8243; _module_preset=\u00bbdefault\u00bb global_colors_info=\u00bb{}\u00bb][et_pb_gallery gallery_ids=\u00bb238,239,240,241,242,243,1749,1737,1618,1743,1740,1746&#8243; fullwidth=\u00bbon\u00bb _builder_version=\u00bb4.27.0&#8243; _module_preset=\u00bbdefault\u00bb width=\u00bb64%\u00bb module_alignment=\u00bbcenter\u00bb custom_margin=\u00bb-18px|||||\u00bb animation_style=\u00bbslide\u00bb animation_direction=\u00bbleft\u00bb auto=\u00bbon\u00bb auto_speed=\u00bb5000&#8243; global_colors_info=\u00bb{}\u00bb][\/et_pb_gallery][\/et_pb_column][et_pb_column type=\u00bb2_5&#8243; _builder_version=\u00bb4.25.1&#8243; _module_preset=\u00bbdefault\u00bb animation_style=\u00bbslide\u00bb animation_direction=\u00bbright\u00bb global_colors_info=\u00bb{}\u00bb][et_pb_text _builder_version=\u00bb4.27.0&#8243; _module_preset=\u00bbdefault\u00bb text_font=\u00bbEdu VIC WA NT Beginner|300|||||||\u00bb text_text_color=\u00bb#FFFFFF\u00bb text_font_size=\u00bb18px\u00bb global_colors_info=\u00bb{}\u00bb]Emb\u00e1rcate en un viaje de descubrimiento con las Rutas de Senderismo y los Miradores de Tierra Prometida.<br \/>\nD\u00e9jate sorprender por las vistas panor\u00e1micas del Mar Caribe y los exuberantes paisajes que nos rodean. [\/et_pb_text][\/et_pb_column][\/et_pb_row][\/et_pb_section]<\/p>\n","protected":false},"excerpt":{"rendered":"<p>Caf\u00e9 Las Arepas\u00a1Disfruta de nuestro servicio de desayuno buffet en Las Arepas Caf\u00e9! Del\u00e9itate con nuestra selecci\u00f3n de delicias locales frescas. Adem\u00e1s, disfruta de nuestro servicio de recogida de fruta de temporada en nuestros terrenos, s\u00f3lo tienes que seguir el camino y recoger tantas frutas como quieras. \u00a1Todo incluido! Cocina abierta\u00a1Experimenta la magia culinaria de [&hellip;]<\/p>\n","protected":false},"author":1,"featured_media":642,"parent":0,"menu_order":0,"comment_status":"closed","ping_status":"closed","template":"","meta":{"_et_pb_use_builder":"on","_et_pb_old_content":"","_et_gb_content_width":"","footnotes":""},"class_list":["post-1011","page","type-page","status-publish","has-post-thumbnail","hentry"],"yoast_head":"<!-- This site is optimized with the Yoast SEO plugin v27.3 - https:\/\/yoast.com\/product\/yoast-seo-wordpress\/ -->\n<title>Servicios - Promised Land Tayrona<\/title>\n<meta name=\"robots\" content=\"index, follow, max-snippet:-1, max-image-preview:large, max-video-preview:-1\" \/>\n<link rel=\"canonical\" href=\"https:\/\/promisedlandtayrona.com\/es\/servicios\/\" \/>\n<meta property=\"og:locale\" content=\"es_ES\" \/>\n<meta property=\"og:type\" content=\"article\" \/>\n<meta property=\"og:title\" content=\"Servicios - Promised Land Tayrona\" \/>\n<meta property=\"og:description\" content=\"Caf\u00e9 Las Arepas\u00a1Disfruta de nuestro servicio de desayuno buffet en Las Arepas Caf\u00e9! Del\u00e9itate con nuestra selecci\u00f3n de delicias locales frescas. Adem\u00e1s, disfruta de nuestro servicio de recogida de fruta de temporada en nuestros terrenos, s\u00f3lo tienes que seguir el camino y recoger tantas frutas como quieras. \u00a1Todo incluido! Cocina abierta\u00a1Experimenta la magia culinaria de [&hellip;]\" \/>\n<meta property=\"og:url\" content=\"https:\/\/promisedlandtayrona.com\/es\/servicios\/\" \/>\n<meta property=\"og:site_name\" content=\"Promised Land Tayrona\" \/>\n<meta property=\"article:publisher\" content=\"https:\/\/www.facebook.com\/profile.php?id=61570495974208\" \/>\n<meta property=\"article:modified_time\" content=\"2026-02-25T22:33:28+00:00\" \/>\n<meta property=\"og:image\" content=\"https:\/\/promisedlandtayrona.com\/wp-content\/uploads\/2024\/05\/servicios-tayrona-scaled.jpg\" \/>\n\t<meta property=\"og:image:width\" content=\"2560\" \/>\n\t<meta property=\"og:image:height\" content=\"1707\" \/>\n\t<meta property=\"og:image:type\" content=\"image\/jpeg\" \/>\n<meta name=\"twitter:card\" content=\"summary_large_image\" \/>\n<meta name=\"twitter:label1\" content=\"Tiempo de lectura\" \/>\n\t<meta name=\"twitter:data1\" content=\"7 minutos\" \/>\n<script type=\"application\/ld+json\" class=\"yoast-schema-graph\">{\"@context\":\"https:\\\/\\\/schema.org\",\"@graph\":[{\"@type\":\"WebPage\",\"@id\":\"https:\\\/\\\/promisedlandtayrona.com\\\/es\\\/servicios\\\/\",\"url\":\"https:\\\/\\\/promisedlandtayrona.com\\\/es\\\/servicios\\\/\",\"name\":\"Servicios - Promised Land Tayrona\",\"isPartOf\":{\"@id\":\"https:\\\/\\\/promisedlandtayrona.com\\\/es\\\/#website\"},\"primaryImageOfPage\":{\"@id\":\"https:\\\/\\\/promisedlandtayrona.com\\\/es\\\/servicios\\\/#primaryimage\"},\"image\":{\"@id\":\"https:\\\/\\\/promisedlandtayrona.com\\\/es\\\/servicios\\\/#primaryimage\"},\"thumbnailUrl\":\"https:\\\/\\\/promisedlandtayrona.com\\\/wp-content\\\/uploads\\\/2024\\\/05\\\/servicios-tayrona-scaled.jpg\",\"datePublished\":\"2024-05-27T04:04:29+00:00\",\"dateModified\":\"2026-02-25T22:33:28+00:00\",\"breadcrumb\":{\"@id\":\"https:\\\/\\\/promisedlandtayrona.com\\\/es\\\/servicios\\\/#breadcrumb\"},\"inLanguage\":\"es\",\"potentialAction\":[{\"@type\":\"ReadAction\",\"target\":[\"https:\\\/\\\/promisedlandtayrona.com\\\/es\\\/servicios\\\/\"]}]},{\"@type\":\"ImageObject\",\"inLanguage\":\"es\",\"@id\":\"https:\\\/\\\/promisedlandtayrona.com\\\/es\\\/servicios\\\/#primaryimage\",\"url\":\"https:\\\/\\\/promisedlandtayrona.com\\\/wp-content\\\/uploads\\\/2024\\\/05\\\/servicios-tayrona-scaled.jpg\",\"contentUrl\":\"https:\\\/\\\/promisedlandtayrona.com\\\/wp-content\\\/uploads\\\/2024\\\/05\\\/servicios-tayrona-scaled.jpg\",\"width\":2560,\"height\":1707,\"caption\":\"Promise Land Hotel Tayrona\"},{\"@type\":\"BreadcrumbList\",\"@id\":\"https:\\\/\\\/promisedlandtayrona.com\\\/es\\\/servicios\\\/#breadcrumb\",\"itemListElement\":[{\"@type\":\"ListItem\",\"position\":1,\"name\":\"Home\",\"item\":\"https:\\\/\\\/promisedlandtayrona.com\\\/es\\\/\"},{\"@type\":\"ListItem\",\"position\":2,\"name\":\"Servicios\"}]},{\"@type\":\"WebSite\",\"@id\":\"https:\\\/\\\/promisedlandtayrona.com\\\/es\\\/#website\",\"url\":\"https:\\\/\\\/promisedlandtayrona.com\\\/es\\\/\",\"name\":\"Promised Land Tayrona\",\"description\":\"Where love finds its home\",\"publisher\":{\"@id\":\"https:\\\/\\\/promisedlandtayrona.com\\\/es\\\/#organization\"},\"potentialAction\":[{\"@type\":\"SearchAction\",\"target\":{\"@type\":\"EntryPoint\",\"urlTemplate\":\"https:\\\/\\\/promisedlandtayrona.com\\\/es\\\/?s={search_term_string}\"},\"query-input\":{\"@type\":\"PropertyValueSpecification\",\"valueRequired\":true,\"valueName\":\"search_term_string\"}}],\"inLanguage\":\"es\"},{\"@type\":\"Organization\",\"@id\":\"https:\\\/\\\/promisedlandtayrona.com\\\/es\\\/#organization\",\"name\":\"Promised Land Tayrona\",\"url\":\"https:\\\/\\\/promisedlandtayrona.com\\\/es\\\/\",\"logo\":{\"@type\":\"ImageObject\",\"inLanguage\":\"es\",\"@id\":\"https:\\\/\\\/promisedlandtayrona.com\\\/es\\\/#\\\/schema\\\/logo\\\/image\\\/\",\"url\":\"https:\\\/\\\/promisedlandtayrona.com\\\/wp-content\\\/uploads\\\/2024\\\/08\\\/Logo-promise-land.png\",\"contentUrl\":\"https:\\\/\\\/promisedlandtayrona.com\\\/wp-content\\\/uploads\\\/2024\\\/08\\\/Logo-promise-land.png\",\"width\":5424,\"height\":3371,\"caption\":\"Promised Land Tayrona\"},\"image\":{\"@id\":\"https:\\\/\\\/promisedlandtayrona.com\\\/es\\\/#\\\/schema\\\/logo\\\/image\\\/\"},\"sameAs\":[\"https:\\\/\\\/www.facebook.com\\\/profile.php?id=61570495974208\",\"https:\\\/\\\/www.tiktok.com\\\/@promisedlandtayronacabin\",\"https:\\\/\\\/www.instagram.com\\\/promisedlandtayrona\\\/\"]}]}<\/script>\n<!-- \/ Yoast SEO plugin. -->","yoast_head_json":{"title":"Servicios - Promised Land Tayrona","robots":{"index":"index","follow":"follow","max-snippet":"max-snippet:-1","max-image-preview":"max-image-preview:large","max-video-preview":"max-video-preview:-1"},"canonical":"https:\/\/promisedlandtayrona.com\/es\/servicios\/","og_locale":"es_ES","og_type":"article","og_title":"Servicios - Promised Land Tayrona","og_description":"Caf\u00e9 Las Arepas\u00a1Disfruta de nuestro servicio de desayuno buffet en Las Arepas Caf\u00e9! Del\u00e9itate con nuestra selecci\u00f3n de delicias locales frescas. Adem\u00e1s, disfruta de nuestro servicio de recogida de fruta de temporada en nuestros terrenos, s\u00f3lo tienes que seguir el camino y recoger tantas frutas como quieras. \u00a1Todo incluido! Cocina abierta\u00a1Experimenta la magia culinaria de [&hellip;]","og_url":"https:\/\/promisedlandtayrona.com\/es\/servicios\/","og_site_name":"Promised Land Tayrona","article_publisher":"https:\/\/www.facebook.com\/profile.php?id=61570495974208","article_modified_time":"2026-02-25T22:33:28+00:00","og_image":[{"width":2560,"height":1707,"url":"https:\/\/promisedlandtayrona.com\/wp-content\/uploads\/2024\/05\/servicios-tayrona-scaled.jpg","type":"image\/jpeg"}],"twitter_card":"summary_large_image","twitter_misc":{"Tiempo de lectura":"7 minutos"},"schema":{"@context":"https:\/\/schema.org","@graph":[{"@type":"WebPage","@id":"https:\/\/promisedlandtayrona.com\/es\/servicios\/","url":"https:\/\/promisedlandtayrona.com\/es\/servicios\/","name":"Servicios - Promised Land Tayrona","isPartOf":{"@id":"https:\/\/promisedlandtayrona.com\/es\/#website"},"primaryImageOfPage":{"@id":"https:\/\/promisedlandtayrona.com\/es\/servicios\/#primaryimage"},"image":{"@id":"https:\/\/promisedlandtayrona.com\/es\/servicios\/#primaryimage"},"thumbnailUrl":"https:\/\/promisedlandtayrona.com\/wp-content\/uploads\/2024\/05\/servicios-tayrona-scaled.jpg","datePublished":"2024-05-27T04:04:29+00:00","dateModified":"2026-02-25T22:33:28+00:00","breadcrumb":{"@id":"https:\/\/promisedlandtayrona.com\/es\/servicios\/#breadcrumb"},"inLanguage":"es","potentialAction":[{"@type":"ReadAction","target":["https:\/\/promisedlandtayrona.com\/es\/servicios\/"]}]},{"@type":"ImageObject","inLanguage":"es","@id":"https:\/\/promisedlandtayrona.com\/es\/servicios\/#primaryimage","url":"https:\/\/promisedlandtayrona.com\/wp-content\/uploads\/2024\/05\/servicios-tayrona-scaled.jpg","contentUrl":"https:\/\/promisedlandtayrona.com\/wp-content\/uploads\/2024\/05\/servicios-tayrona-scaled.jpg","width":2560,"height":1707,"caption":"Promise Land Hotel Tayrona"},{"@type":"BreadcrumbList","@id":"https:\/\/promisedlandtayrona.com\/es\/servicios\/#breadcrumb","itemListElement":[{"@type":"ListItem","position":1,"name":"Home","item":"https:\/\/promisedlandtayrona.com\/es\/"},{"@type":"ListItem","position":2,"name":"Servicios"}]},{"@type":"WebSite","@id":"https:\/\/promisedlandtayrona.com\/es\/#website","url":"https:\/\/promisedlandtayrona.com\/es\/","name":"Promised Land Tayrona","description":"Where love finds its home","publisher":{"@id":"https:\/\/promisedlandtayrona.com\/es\/#organization"},"potentialAction":[{"@type":"SearchAction","target":{"@type":"EntryPoint","urlTemplate":"https:\/\/promisedlandtayrona.com\/es\/?s={search_term_string}"},"query-input":{"@type":"PropertyValueSpecification","valueRequired":true,"valueName":"search_term_string"}}],"inLanguage":"es"},{"@type":"Organization","@id":"https:\/\/promisedlandtayrona.com\/es\/#organization","name":"Promised Land Tayrona","url":"https:\/\/promisedlandtayrona.com\/es\/","logo":{"@type":"ImageObject","inLanguage":"es","@id":"https:\/\/promisedlandtayrona.com\/es\/#\/schema\/logo\/image\/","url":"https:\/\/promisedlandtayrona.com\/wp-content\/uploads\/2024\/08\/Logo-promise-land.png","contentUrl":"https:\/\/promisedlandtayrona.com\/wp-content\/uploads\/2024\/08\/Logo-promise-land.png","width":5424,"height":3371,"caption":"Promised Land Tayrona"},"image":{"@id":"https:\/\/promisedlandtayrona.com\/es\/#\/schema\/logo\/image\/"},"sameAs":["https:\/\/www.facebook.com\/profile.php?id=61570495974208","https:\/\/www.tiktok.com\/@promisedlandtayronacabin","https:\/\/www.instagram.com\/promisedlandtayrona\/"]}]}},"_links":{"self":[{"href":"https:\/\/promisedlandtayrona.com\/es\/wp-json\/wp\/v2\/pages\/1011","targetHints":{"allow":["GET"]}}],"collection":[{"href":"https:\/\/promisedlandtayrona.com\/es\/wp-json\/wp\/v2\/pages"}],"about":[{"href":"https:\/\/promisedlandtayrona.com\/es\/wp-json\/wp\/v2\/types\/page"}],"author":[{"embeddable":true,"href":"https:\/\/promisedlandtayrona.com\/es\/wp-json\/wp\/v2\/users\/1"}],"replies":[{"embeddable":true,"href":"https:\/\/promisedlandtayrona.com\/es\/wp-json\/wp\/v2\/comments?post=1011"}],"version-history":[{"count":5,"href":"https:\/\/promisedlandtayrona.com\/es\/wp-json\/wp\/v2\/pages\/1011\/revisions"}],"predecessor-version":[{"id":2624,"href":"https:\/\/promisedlandtayrona.com\/es\/wp-json\/wp\/v2\/pages\/1011\/revisions\/2624"}],"wp:featuredmedia":[{"embeddable":true,"href":"https:\/\/promisedlandtayrona.com\/es\/wp-json\/wp\/v2\/media\/642"}],"wp:attachment":[{"href":"https:\/\/promisedlandtayrona.com\/es\/wp-json\/wp\/v2\/media?parent=1011"}],"curies":[{"name":"wp","href":"https:\/\/api.w.org\/{rel}","templated":true}]}}